{"id":4412,"date":"2016-06-06T11:42:53","date_gmt":"2016-06-06T08:42:53","guid":{"rendered":"http:\/\/jengal.com\/?page_id=4412"},"modified":"2019-02-14T17:44:04","modified_gmt":"2019-02-14T14:44:04","slug":"hakkimizda","status":"publish","type":"page","link":"http:\/\/www.jengal.com\/tr\/blog\/hakkimizda\/","title":{"rendered":"Hakk\u0131m\u0131zda"},"content":{"rendered":"<p>[vc_row][vc_column][vc_column_text]<img decoding=\"async\" class=\"aligncenter size-full wp-image-4473\" src=\"http:\/\/jengal.com\/wp-content\/uploads\/2016\/06\/jengal-oval-07.png\" alt=\"jengal-oval-07\" width=\"192\" height=\"192\" srcset=\"http:\/\/www.jengal.com\/tr\/blog\/wp-content\/uploads\/2016\/06\/jengal-oval-07.png 192w, http:\/\/www.jengal.com\/tr\/blog\/wp-content\/uploads\/2016\/06\/jengal-oval-07-100x100.png 100w, http:\/\/www.jengal.com\/tr\/blog\/wp-content\/uploads\/2016\/06\/jengal-oval-07-150x150.png 150w\" sizes=\"(max-width: 192px) 100vw, 192px\" \/><\/p>\n<p><img decoding=\"async\" class=\"alignleft size-full wp-image-4787\" src=\"http:\/\/jengal.com\/wp-content\/uploads\/2016\/06\/jengal-tablo-mini.png\" alt=\"jengal-tablo-mini\" width=\"360\" height=\"360\" srcset=\"http:\/\/www.jengal.com\/tr\/blog\/wp-content\/uploads\/2016\/06\/jengal-tablo-mini.png 360w, http:\/\/www.jengal.com\/tr\/blog\/wp-content\/uploads\/2016\/06\/jengal-tablo-mini-300x300.png 300w, http:\/\/www.jengal.com\/tr\/blog\/wp-content\/uploads\/2016\/06\/jengal-tablo-mini-100x100.png 100w, http:\/\/www.jengal.com\/tr\/blog\/wp-content\/uploads\/2016\/06\/jengal-tablo-mini-150x150.png 150w\" sizes=\"(max-width: 360px) 100vw, 360px\" \/>[\/vc_column_text][vc_empty_space height=&#8221;64px&#8221;][vc_column_text]<strong>Jengal Bili\u015fim ve Reklamc\u0131l\u0131k<\/strong>; Marka ve ileti\u015fim, grafik tasar\u0131m, yaz\u0131l\u0131m ve web programlama alanlar\u0131nda uzman bir kadroyu tek bir \u00e7at\u0131 alt\u0131nda toplayan, b\u00fcy\u00fck hedeflere sahip, kurumsal yap\u0131daki firmalar\u0131n ihtiya\u00e7lar\u0131na cevap verebilecek nitelikte, yarat\u0131c\u0131 ve \u00fcretken bir ekiptir.<\/p>\n<p>Gen\u00e7 ve dinamik bir ekiple \u00e7al\u0131\u015fmak \u015f\u00fcphesiz her yenilik\u00e7i kurumun ihtiyac\u0131 olan \u00f6nemli bir unsurdur ancak ayn\u0131 zamanda bu ekibin yarat\u0131c\u0131 niteliklere sahip olmas\u0131, kar\u015f\u0131la\u015f\u0131lan sorunlar\u0131n en uygun \u015fekilde giderilmesi a\u00e7\u0131s\u0131ndan olduk\u00e7a \u00f6nemlidir.<\/p>\n<p>Bu nedenle <strong>Jengal Bili\u015fim ve Reklamc\u0131l\u0131k<\/strong>, m\u00fc\u015fterilerine uzun vadede \u00e7\u00f6z\u00fcm sa\u011flayacak, m\u00fc\u015fterilerini yar\u0131 yolda b\u0131rakmayacak ger\u00e7ek\u00e7i ve s\u0131ra d\u0131\u015f\u0131 \u00f6neriler sunarak m\u00fc\u015fterilerinin bilinirliklerini artt\u0131rmaya y\u00f6nelik kapsaml\u0131 bir proje sunar.[\/vc_column_text][\/vc_column][\/vc_row][vc_row][vc_column][\/vc_column][\/vc_row]<\/p>\n","protected":false},"excerpt":{"rendered":"<p>[vc_row][vc_column][vc_column_text] [\/vc_column_text][vc_empty_space height=&#8221;64px&#8221;][vc_column_text]Jengal Bili\u015fim ve Reklamc\u0131l\u0131k; Marka ve ileti\u015fim, grafik tasar\u0131m, yaz\u0131l\u0131m ve web programlama alanlar\u0131nda uzman bir kadroyu tek bir \u00e7at\u0131 alt\u0131nda toplayan, b\u00fcy\u00fck hedeflere sahip, kurumsal yap\u0131daki firmalar\u0131n ihtiya\u00e7lar\u0131na cevap verebilecek nitelikte, yarat\u0131c\u0131 ve \u00fcretken bir ekiptir. Gen\u00e7 ve dinamik bir ekiple \u00e7al\u0131\u015fmak \u015f\u00fcphesiz her yenilik\u00e7i kurumun ihtiyac\u0131 [&hellip;]<\/p>\n","protected":false},"author":11,"featured_media":0,"parent":0,"menu_order":0,"comment_status":"closed","ping_status":"closed","template":"","meta":{"footnotes":""},"class_list":["post-4412","page","type-page","status-publish","hentry","entry"],"yoast_head":"<!-- This site is optimized with the Yoast SEO plugin v26.7 - https:\/\/yoast.com\/wordpress\/plugins\/seo\/ -->\n<title>Hakk\u0131m\u0131zda<\/title>\n<meta name=\"robots\" content=\"index, follow, max-snippet:-1, max-image-preview:large, max-video-preview:-1\" \/>\n<link rel=\"canonical\" href=\"https:\/\/www.jengal.com\/tr\/blog\/hakkimizda\/\" \/>\n<meta property=\"og:locale\" content=\"tr_TR\" \/>\n<meta property=\"og:type\" content=\"article\" \/>\n<meta property=\"og:title\" content=\"Hakk\u0131m\u0131zda\" \/>\n<meta property=\"og:description\" content=\"[vc_row][vc_column][vc_column_text] [\/vc_column_text][vc_empty_space height=&#8221;64px&#8221;][vc_column_text]Jengal Bili\u015fim ve Reklamc\u0131l\u0131k; Marka ve ileti\u015fim, grafik tasar\u0131m, yaz\u0131l\u0131m ve web programlama alanlar\u0131nda uzman bir kadroyu tek bir \u00e7at\u0131 alt\u0131nda toplayan, b\u00fcy\u00fck hedeflere sahip, kurumsal yap\u0131daki firmalar\u0131n ihtiya\u00e7lar\u0131na cevap verebilecek nitelikte, yarat\u0131c\u0131 ve \u00fcretken bir ekiptir. Gen\u00e7 ve dinamik bir ekiple \u00e7al\u0131\u015fmak \u015f\u00fcphesiz her yenilik\u00e7i kurumun ihtiyac\u0131 [&hellip;]\" \/>\n<meta property=\"og:url\" content=\"https:\/\/www.jengal.com\/tr\/blog\/hakkimizda\/\" \/>\n<meta property=\"og:site_name\" content=\"Jengal Web Tasar\u0131m - Web Yaz\u0131l\u0131m Ajans\u0131\" \/>\n<meta property=\"article:modified_time\" content=\"2019-02-14T14:44:04+00:00\" \/>\n<meta property=\"og:image\" content=\"http:\/\/jengal.com\/wp-content\/uploads\/2016\/06\/jengal-oval-07.png\" \/>\n<meta name=\"twitter:card\" content=\"summary_large_image\" \/>\n<meta name=\"twitter:label1\" content=\"Tahmini okuma s\u00fcresi\" \/>\n\t<meta name=\"twitter:data1\" content=\"1 dakika\" \/>\n<script type=\"application\/ld+json\" class=\"yoast-schema-graph\">{\"@context\":\"https:\/\/schema.org\",\"@graph\":[{\"@type\":\"WebPage\",\"@id\":\"https:\/\/www.jengal.com\/tr\/blog\/hakkimizda\/\",\"url\":\"https:\/\/www.jengal.com\/tr\/blog\/hakkimizda\/\",\"name\":\"Hakk\u0131m\u0131zda\",\"isPartOf\":{\"@id\":\"https:\/\/www.jengal.com\/tr\/blog\/#website\"},\"primaryImageOfPage\":{\"@id\":\"https:\/\/www.jengal.com\/tr\/blog\/hakkimizda\/#primaryimage\"},\"image\":{\"@id\":\"https:\/\/www.jengal.com\/tr\/blog\/hakkimizda\/#primaryimage\"},\"thumbnailUrl\":\"http:\/\/jengal.com\/wp-content\/uploads\/2016\/06\/jengal-oval-07.png\",\"datePublished\":\"2016-06-06T08:42:53+00:00\",\"dateModified\":\"2019-02-14T14:44:04+00:00\",\"inLanguage\":\"tr\",\"potentialAction\":[{\"@type\":\"ReadAction\",\"target\":[\"https:\/\/www.jengal.com\/tr\/blog\/hakkimizda\/\"]}]},{\"@type\":\"ImageObject\",\"inLanguage\":\"tr\",\"@id\":\"https:\/\/www.jengal.com\/tr\/blog\/hakkimizda\/#primaryimage\",\"url\":\"http:\/\/jengal.com\/wp-content\/uploads\/2016\/06\/jengal-oval-07.png\",\"contentUrl\":\"http:\/\/jengal.com\/wp-content\/uploads\/2016\/06\/jengal-oval-07.png\"},{\"@type\":\"WebSite\",\"@id\":\"https:\/\/www.jengal.com\/tr\/blog\/#website\",\"url\":\"https:\/\/www.jengal.com\/tr\/blog\/\",\"name\":\"Jengal Blog - \u0130nternet Pazarlama & Digital Pazarlama Ajans\u0131\",\"description\":\"\",\"publisher\":{\"@id\":\"https:\/\/www.jengal.com\/tr\/blog\/#organization\"},\"potentialAction\":[{\"@type\":\"SearchAction\",\"target\":{\"@type\":\"EntryPoint\",\"urlTemplate\":\"https:\/\/www.jengal.com\/tr\/blog\/?s={search_term_string}\"},\"query-input\":{\"@type\":\"PropertyValueSpecification\",\"valueRequired\":true,\"valueName\":\"search_term_string\"}}],\"inLanguage\":\"tr\"},{\"@type\":\"Organization\",\"@id\":\"https:\/\/www.jengal.com\/tr\/blog\/#organization\",\"name\":\"Jengal Blog - \u0130nternet Pazarlama & Digital Pazarlama Ajans\u0131\",\"url\":\"https:\/\/www.jengal.com\/tr\/blog\/\",\"logo\":{\"@type\":\"ImageObject\",\"inLanguage\":\"tr\",\"@id\":\"https:\/\/www.jengal.com\/tr\/blog\/#\/schema\/logo\/image\/\",\"url\":\"http:\/\/www.jengal.com\/tr\/blog\/wp-content\/uploads\/2022\/11\/Group_1100.png\",\"contentUrl\":\"http:\/\/www.jengal.com\/tr\/blog\/wp-content\/uploads\/2022\/11\/Group_1100.png\",\"width\":203,\"height\":87,\"caption\":\"Jengal Blog - \u0130nternet Pazarlama & Digital Pazarlama Ajans\u0131\"},\"image\":{\"@id\":\"https:\/\/www.jengal.com\/tr\/blog\/#\/schema\/logo\/image\/\"}}]}<\/script>\n<!-- \/ Yoast SEO plugin. -->","yoast_head_json":{"title":"Hakk\u0131m\u0131zda","robots":{"index":"index","follow":"follow","max-snippet":"max-snippet:-1","max-image-preview":"max-image-preview:large","max-video-preview":"max-video-preview:-1"},"canonical":"https:\/\/www.jengal.com\/tr\/blog\/hakkimizda\/","og_locale":"tr_TR","og_type":"article","og_title":"Hakk\u0131m\u0131zda","og_description":"[vc_row][vc_column][vc_column_text] [\/vc_column_text][vc_empty_space height=&#8221;64px&#8221;][vc_column_text]Jengal Bili\u015fim ve Reklamc\u0131l\u0131k; Marka ve ileti\u015fim, grafik tasar\u0131m, yaz\u0131l\u0131m ve web programlama alanlar\u0131nda uzman bir kadroyu tek bir \u00e7at\u0131 alt\u0131nda toplayan, b\u00fcy\u00fck hedeflere sahip, kurumsal yap\u0131daki firmalar\u0131n ihtiya\u00e7lar\u0131na cevap verebilecek nitelikte, yarat\u0131c\u0131 ve \u00fcretken bir ekiptir. Gen\u00e7 ve dinamik bir ekiple \u00e7al\u0131\u015fmak \u015f\u00fcphesiz her yenilik\u00e7i kurumun ihtiyac\u0131 [&hellip;]","og_url":"https:\/\/www.jengal.com\/tr\/blog\/hakkimizda\/","og_site_name":"Jengal Web Tasar\u0131m - Web Yaz\u0131l\u0131m Ajans\u0131","article_modified_time":"2019-02-14T14:44:04+00:00","og_image":[{"url":"http:\/\/jengal.com\/wp-content\/uploads\/2016\/06\/jengal-oval-07.png","type":"","width":"","height":""}],"twitter_card":"summary_large_image","twitter_misc":{"Tahmini okuma s\u00fcresi":"1 dakika"},"schema":{"@context":"https:\/\/schema.org","@graph":[{"@type":"WebPage","@id":"https:\/\/www.jengal.com\/tr\/blog\/hakkimizda\/","url":"https:\/\/www.jengal.com\/tr\/blog\/hakkimizda\/","name":"Hakk\u0131m\u0131zda","isPartOf":{"@id":"https:\/\/www.jengal.com\/tr\/blog\/#website"},"primaryImageOfPage":{"@id":"https:\/\/www.jengal.com\/tr\/blog\/hakkimizda\/#primaryimage"},"image":{"@id":"https:\/\/www.jengal.com\/tr\/blog\/hakkimizda\/#primaryimage"},"thumbnailUrl":"http:\/\/jengal.com\/wp-content\/uploads\/2016\/06\/jengal-oval-07.png","datePublished":"2016-06-06T08:42:53+00:00","dateModified":"2019-02-14T14:44:04+00:00","inLanguage":"tr","potentialAction":[{"@type":"ReadAction","target":["https:\/\/www.jengal.com\/tr\/blog\/hakkimizda\/"]}]},{"@type":"ImageObject","inLanguage":"tr","@id":"https:\/\/www.jengal.com\/tr\/blog\/hakkimizda\/#primaryimage","url":"http:\/\/jengal.com\/wp-content\/uploads\/2016\/06\/jengal-oval-07.png","contentUrl":"http:\/\/jengal.com\/wp-content\/uploads\/2016\/06\/jengal-oval-07.png"},{"@type":"WebSite","@id":"https:\/\/www.jengal.com\/tr\/blog\/#website","url":"https:\/\/www.jengal.com\/tr\/blog\/","name":"Jengal Blog - \u0130nternet Pazarlama & Digital Pazarlama Ajans\u0131","description":"","publisher":{"@id":"https:\/\/www.jengal.com\/tr\/blog\/#organization"},"potentialAction":[{"@type":"SearchAction","target":{"@type":"EntryPoint","urlTemplate":"https:\/\/www.jengal.com\/tr\/blog\/?s={search_term_string}"},"query-input":{"@type":"PropertyValueSpecification","valueRequired":true,"valueName":"search_term_string"}}],"inLanguage":"tr"},{"@type":"Organization","@id":"https:\/\/www.jengal.com\/tr\/blog\/#organization","name":"Jengal Blog - \u0130nternet Pazarlama & Digital Pazarlama Ajans\u0131","url":"https:\/\/www.jengal.com\/tr\/blog\/","logo":{"@type":"ImageObject","inLanguage":"tr","@id":"https:\/\/www.jengal.com\/tr\/blog\/#\/schema\/logo\/image\/","url":"http:\/\/www.jengal.com\/tr\/blog\/wp-content\/uploads\/2022\/11\/Group_1100.png","contentUrl":"http:\/\/www.jengal.com\/tr\/blog\/wp-content\/uploads\/2022\/11\/Group_1100.png","width":203,"height":87,"caption":"Jengal Blog - \u0130nternet Pazarlama & Digital Pazarlama Ajans\u0131"},"image":{"@id":"https:\/\/www.jengal.com\/tr\/blog\/#\/schema\/logo\/image\/"}}]}},"_links":{"self":[{"href":"http:\/\/www.jengal.com\/tr\/blog\/wp-json\/wp\/v2\/pages\/4412","targetHints":{"allow":["GET"]}}],"collection":[{"href":"http:\/\/www.jengal.com\/tr\/blog\/wp-json\/wp\/v2\/pages"}],"about":[{"href":"http:\/\/www.jengal.com\/tr\/blog\/wp-json\/wp\/v2\/types\/page"}],"author":[{"embeddable":true,"href":"http:\/\/www.jengal.com\/tr\/blog\/wp-json\/wp\/v2\/users\/11"}],"replies":[{"embeddable":true,"href":"http:\/\/www.jengal.com\/tr\/blog\/wp-json\/wp\/v2\/comments?post=4412"}],"version-history":[{"count":0,"href":"http:\/\/www.jengal.com\/tr\/blog\/wp-json\/wp\/v2\/pages\/4412\/revisions"}],"wp:attachment":[{"href":"http:\/\/www.jengal.com\/tr\/blog\/wp-json\/wp\/v2\/media?parent=4412"}],"curies":[{"name":"wp","href":"https:\/\/api.w.org\/{rel}","templated":true}]}}