{"id":4420,"date":"2016-06-06T11:49:59","date_gmt":"2016-06-06T08:49:59","guid":{"rendered":"http:\/\/jengal.com\/?page_id=4420"},"modified":"2020-07-21T16:22:53","modified_gmt":"2020-07-21T13:22:53","slug":"iletisim","status":"publish","type":"page","link":"http:\/\/www.jengal.com\/tr\/blog\/iletisim\/","title":{"rendered":"\u0130leti\u015fim"},"content":{"rendered":"<p>[vc_row][vc_column][vc_empty_space][\/vc_column][\/vc_row][vc_row][vc_column width=&#8221;2\/3&#8243;][vc_column_text]<iframe style=\"border: 0;\" src=\"https:\/\/www.google.com\/maps\/embed?pb=!1m18!1m12!1m3!1d3010.4332109263287!2d29.07161921527736!3d41.01577727929996!2m3!1f0!2f0!3f0!3m2!1i1024!2i768!4f13.1!3m3!1m2!1s0x14cab7fa02410e2f%3A0x469d0bd83253f2a7!2zSmVuZ2FsIC0gV2ViIFRhc2FyxLFtICYgV2ViIFlhesSxbMSxbSBBamFuc8SxIFdlYiBTaXRlc2kgQcOnbWE!5e0!3m2!1str!2str!4v1582011090791!5m2!1str!2str\" width=\"600\" height=\"450\" frameborder=\"0\" allowfullscreen=\"allowfullscreen\"><\/iframe>[\/vc_column_text][\/vc_column][vc_column width=&#8221;1\/3&#8243;][vc_column_text]<\/p>\n<div class=\"yazi\">\n<h3>Ofisimiz:<\/h3>\n<p>K\u00fc\u00e7\u00fck \u00c7aml\u0131ca Mh. M\u00fcft\u00fc Kuyusu Sk. Sar\u0131 Konaklar.<\/p>\n<p>Site Kap\u0131 No: 4, Bina No: 9,<\/p>\n<p>O-1, 34696 \u00dcsk\u00fcdar\/\u0130stanbul<\/p>\n<h3>\u0130leti\u015fim Bilgilerimiz:<\/h3>\n<p>+90 216 341 05 70<\/p>\n<p>info@jengal.com<\/p>\n<h3>\u0130nsan Kaynaklar\u0131:<\/h3>\n<p>ik@jengal.com<\/p>\n<\/div>\n<p>[\/vc_column_text][\/vc_column][\/vc_row][vc_row][vc_column][vc_empty_space height=&#8221;64px&#8221;][\/vc_column][\/vc_row]<\/p>\n","protected":false},"excerpt":{"rendered":"<p>[vc_row][vc_column][vc_empty_space][\/vc_column][\/vc_row][vc_row][vc_column width=&#8221;2\/3&#8243;][vc_column_text][\/vc_column_text][\/vc_column][vc_column width=&#8221;1\/3&#8243;][vc_column_text] Ofisimiz: K\u00fc\u00e7\u00fck \u00c7aml\u0131ca Mh. M\u00fcft\u00fc Kuyusu Sk. Sar\u0131 Konaklar. Site Kap\u0131 No: 4, Bina No: 9, O-1, 34696 \u00dcsk\u00fcdar\/\u0130stanbul \u0130leti\u015fim Bilgilerimiz: +90 216 341 05 70 info@jengal.com \u0130nsan Kaynaklar\u0131: ik@jengal.com [\/vc_column_text][\/vc_column][\/vc_row][vc_row][vc_column][vc_empty_space height=&#8221;64px&#8221;][\/vc_column][\/vc_row]<\/p>\n","protected":false},"author":11,"featured_media":0,"parent":0,"menu_order":0,"comment_status":"closed","ping_status":"closed","template":"","meta":{"footnotes":""},"class_list":["post-4420","page","type-page","status-publish","hentry","entry"],"yoast_head":"<!-- This site is optimized with the Yoast SEO plugin v26.7 - https:\/\/yoast.com\/wordpress\/plugins\/seo\/ -->\n<title>\u0130leti\u015fim<\/title>\n<meta name=\"robots\" content=\"index, follow, max-snippet:-1, max-image-preview:large, max-video-preview:-1\" \/>\n<link rel=\"canonical\" href=\"https:\/\/www.jengal.com\/tr\/blog\/iletisim\/\" \/>\n<meta property=\"og:locale\" content=\"tr_TR\" \/>\n<meta property=\"og:type\" content=\"article\" \/>\n<meta property=\"og:title\" content=\"\u0130leti\u015fim\" \/>\n<meta property=\"og:description\" content=\"[vc_row][vc_column][vc_empty_space][\/vc_column][\/vc_row][vc_row][vc_column width=&#8221;2\/3&#8243;][vc_column_text][\/vc_column_text][\/vc_column][vc_column width=&#8221;1\/3&#8243;][vc_column_text] Ofisimiz: K\u00fc\u00e7\u00fck \u00c7aml\u0131ca Mh. M\u00fcft\u00fc Kuyusu Sk. Sar\u0131 Konaklar. Site Kap\u0131 No: 4, Bina No: 9, O-1, 34696 \u00dcsk\u00fcdar\/\u0130stanbul \u0130leti\u015fim Bilgilerimiz: +90 216 341 05 70 info@jengal.com \u0130nsan Kaynaklar\u0131: ik@jengal.com [\/vc_column_text][\/vc_column][\/vc_row][vc_row][vc_column][vc_empty_space height=&#8221;64px&#8221;][\/vc_column][\/vc_row]\" \/>\n<meta property=\"og:url\" content=\"https:\/\/www.jengal.com\/tr\/blog\/iletisim\/\" \/>\n<meta property=\"og:site_name\" content=\"Jengal Web Tasar\u0131m - Web Yaz\u0131l\u0131m Ajans\u0131\" \/>\n<meta property=\"article:modified_time\" content=\"2020-07-21T13:22:53+00:00\" \/>\n<meta property=\"og:image\" content=\"http:\/\/www.jengal.com\/tr\/blog\/wp-content\/uploads\/2022\/11\/Group_1100.png\" \/>\n\t<meta property=\"og:image:width\" content=\"203\" \/>\n\t<meta property=\"og:image:height\" content=\"87\" \/>\n\t<meta property=\"og:image:type\" content=\"image\/png\" \/>\n<meta name=\"twitter:card\" content=\"summary_large_image\" \/>\n<script type=\"application\/ld+json\" class=\"yoast-schema-graph\">{\"@context\":\"https:\/\/schema.org\",\"@graph\":[{\"@type\":\"WebPage\",\"@id\":\"https:\/\/www.jengal.com\/tr\/blog\/iletisim\/\",\"url\":\"https:\/\/www.jengal.com\/tr\/blog\/iletisim\/\",\"name\":\"\u0130leti\u015fim\",\"isPartOf\":{\"@id\":\"https:\/\/www.jengal.com\/tr\/blog\/#website\"},\"datePublished\":\"2016-06-06T08:49:59+00:00\",\"dateModified\":\"2020-07-21T13:22:53+00:00\",\"inLanguage\":\"tr\",\"potentialAction\":[{\"@type\":\"ReadAction\",\"target\":[\"https:\/\/www.jengal.com\/tr\/blog\/iletisim\/\"]}]},{\"@type\":\"WebSite\",\"@id\":\"https:\/\/www.jengal.com\/tr\/blog\/#website\",\"url\":\"https:\/\/www.jengal.com\/tr\/blog\/\",\"name\":\"Jengal Blog - \u0130nternet Pazarlama & Digital Pazarlama Ajans\u0131\",\"description\":\"\",\"publisher\":{\"@id\":\"https:\/\/www.jengal.com\/tr\/blog\/#organization\"},\"potentialAction\":[{\"@type\":\"SearchAction\",\"target\":{\"@type\":\"EntryPoint\",\"urlTemplate\":\"https:\/\/www.jengal.com\/tr\/blog\/?s={search_term_string}\"},\"query-input\":{\"@type\":\"PropertyValueSpecification\",\"valueRequired\":true,\"valueName\":\"search_term_string\"}}],\"inLanguage\":\"tr\"},{\"@type\":\"Organization\",\"@id\":\"https:\/\/www.jengal.com\/tr\/blog\/#organization\",\"name\":\"Jengal Blog - \u0130nternet Pazarlama & Digital Pazarlama Ajans\u0131\",\"url\":\"https:\/\/www.jengal.com\/tr\/blog\/\",\"logo\":{\"@type\":\"ImageObject\",\"inLanguage\":\"tr\",\"@id\":\"https:\/\/www.jengal.com\/tr\/blog\/#\/schema\/logo\/image\/\",\"url\":\"http:\/\/www.jengal.com\/tr\/blog\/wp-content\/uploads\/2022\/11\/Group_1100.png\",\"contentUrl\":\"http:\/\/www.jengal.com\/tr\/blog\/wp-content\/uploads\/2022\/11\/Group_1100.png\",\"width\":203,\"height\":87,\"caption\":\"Jengal Blog - \u0130nternet Pazarlama & Digital Pazarlama Ajans\u0131\"},\"image\":{\"@id\":\"https:\/\/www.jengal.com\/tr\/blog\/#\/schema\/logo\/image\/\"}}]}<\/script>\n<!-- \/ Yoast SEO plugin. -->","yoast_head_json":{"title":"\u0130leti\u015fim","robots":{"index":"index","follow":"follow","max-snippet":"max-snippet:-1","max-image-preview":"max-image-preview:large","max-video-preview":"max-video-preview:-1"},"canonical":"https:\/\/www.jengal.com\/tr\/blog\/iletisim\/","og_locale":"tr_TR","og_type":"article","og_title":"\u0130leti\u015fim","og_description":"[vc_row][vc_column][vc_empty_space][\/vc_column][\/vc_row][vc_row][vc_column width=&#8221;2\/3&#8243;][vc_column_text][\/vc_column_text][\/vc_column][vc_column width=&#8221;1\/3&#8243;][vc_column_text] Ofisimiz: K\u00fc\u00e7\u00fck \u00c7aml\u0131ca Mh. M\u00fcft\u00fc Kuyusu Sk. Sar\u0131 Konaklar. Site Kap\u0131 No: 4, Bina No: 9, O-1, 34696 \u00dcsk\u00fcdar\/\u0130stanbul \u0130leti\u015fim Bilgilerimiz: +90 216 341 05 70 info@jengal.com \u0130nsan Kaynaklar\u0131: ik@jengal.com [\/vc_column_text][\/vc_column][\/vc_row][vc_row][vc_column][vc_empty_space height=&#8221;64px&#8221;][\/vc_column][\/vc_row]","og_url":"https:\/\/www.jengal.com\/tr\/blog\/iletisim\/","og_site_name":"Jengal Web Tasar\u0131m - Web Yaz\u0131l\u0131m Ajans\u0131","article_modified_time":"2020-07-21T13:22:53+00:00","og_image":[{"width":203,"height":87,"url":"http:\/\/www.jengal.com\/tr\/blog\/wp-content\/uploads\/2022\/11\/Group_1100.png","type":"image\/png"}],"twitter_card":"summary_large_image","schema":{"@context":"https:\/\/schema.org","@graph":[{"@type":"WebPage","@id":"https:\/\/www.jengal.com\/tr\/blog\/iletisim\/","url":"https:\/\/www.jengal.com\/tr\/blog\/iletisim\/","name":"\u0130leti\u015fim","isPartOf":{"@id":"https:\/\/www.jengal.com\/tr\/blog\/#website"},"datePublished":"2016-06-06T08:49:59+00:00","dateModified":"2020-07-21T13:22:53+00:00","inLanguage":"tr","potentialAction":[{"@type":"ReadAction","target":["https:\/\/www.jengal.com\/tr\/blog\/iletisim\/"]}]},{"@type":"WebSite","@id":"https:\/\/www.jengal.com\/tr\/blog\/#website","url":"https:\/\/www.jengal.com\/tr\/blog\/","name":"Jengal Blog - \u0130nternet Pazarlama & Digital Pazarlama Ajans\u0131","description":"","publisher":{"@id":"https:\/\/www.jengal.com\/tr\/blog\/#organization"},"potentialAction":[{"@type":"SearchAction","target":{"@type":"EntryPoint","urlTemplate":"https:\/\/www.jengal.com\/tr\/blog\/?s={search_term_string}"},"query-input":{"@type":"PropertyValueSpecification","valueRequired":true,"valueName":"search_term_string"}}],"inLanguage":"tr"},{"@type":"Organization","@id":"https:\/\/www.jengal.com\/tr\/blog\/#organization","name":"Jengal Blog - \u0130nternet Pazarlama & Digital Pazarlama Ajans\u0131","url":"https:\/\/www.jengal.com\/tr\/blog\/","logo":{"@type":"ImageObject","inLanguage":"tr","@id":"https:\/\/www.jengal.com\/tr\/blog\/#\/schema\/logo\/image\/","url":"http:\/\/www.jengal.com\/tr\/blog\/wp-content\/uploads\/2022\/11\/Group_1100.png","contentUrl":"http:\/\/www.jengal.com\/tr\/blog\/wp-content\/uploads\/2022\/11\/Group_1100.png","width":203,"height":87,"caption":"Jengal Blog - \u0130nternet Pazarlama & Digital Pazarlama Ajans\u0131"},"image":{"@id":"https:\/\/www.jengal.com\/tr\/blog\/#\/schema\/logo\/image\/"}}]}},"_links":{"self":[{"href":"http:\/\/www.jengal.com\/tr\/blog\/wp-json\/wp\/v2\/pages\/4420","targetHints":{"allow":["GET"]}}],"collection":[{"href":"http:\/\/www.jengal.com\/tr\/blog\/wp-json\/wp\/v2\/pages"}],"about":[{"href":"http:\/\/www.jengal.com\/tr\/blog\/wp-json\/wp\/v2\/types\/page"}],"author":[{"embeddable":true,"href":"http:\/\/www.jengal.com\/tr\/blog\/wp-json\/wp\/v2\/users\/11"}],"replies":[{"embeddable":true,"href":"http:\/\/www.jengal.com\/tr\/blog\/wp-json\/wp\/v2\/comments?post=4420"}],"version-history":[{"count":6,"href":"http:\/\/www.jengal.com\/tr\/blog\/wp-json\/wp\/v2\/pages\/4420\/revisions"}],"predecessor-version":[{"id":8397,"href":"http:\/\/www.jengal.com\/tr\/blog\/wp-json\/wp\/v2\/pages\/4420\/revisions\/8397"}],"wp:attachment":[{"href":"http:\/\/www.jengal.com\/tr\/blog\/wp-json\/wp\/v2\/media?parent=4420"}],"curies":[{"name":"wp","href":"https:\/\/api.w.org\/{rel}","templated":true}]}}