{"id":8115,"date":"2019-04-11T18:10:22","date_gmt":"2019-04-11T15:10:22","guid":{"rendered":"http:\/\/www.jengal.com\/?page_id=8115"},"modified":"2020-02-06T12:54:26","modified_gmt":"2020-02-06T09:54:26","slug":"acik-pozisyonlar","status":"publish","type":"page","link":"http:\/\/www.jengal.com\/tr\/blog\/acik-pozisyonlar\/","title":{"rendered":"A\u00e7\u0131k Pozisyonlar"},"content":{"rendered":"<p><span style=\"font-size: 16px;\"><strong>Ekibimize yeni \u00e7al\u0131\u015fma arkada\u015flar\u0131 ar\u0131yoruz!<\/strong> A\u015fa\u011f\u0131daki pozisyonlardan birisi sizin i\u00e7in uygunsa pozisyon ad\u0131na t\u0131klayarak i\u015f tan\u0131m\u0131 ve detay sayfas\u0131na eri\u015febilir ve ayn\u0131 sayfadaki ba\u015fvuru formunu doldurarak ba\u015fvurunuzu kolayca yapabilirsiniz.<\/span><\/p>\n<p><span style=\"font-size: 21px;\"><a href=\"https:\/\/www.jengal.com\/acik-pozisyonlar\/php-yazilim-uzmani-backend-developer\/\">PHP Yaz\u0131l\u0131m Uzman\u0131 (Backend Developer)<\/a><\/span><\/p>\n<p><span style=\"font-size: 21px;\"><a href=\"https:\/\/www.jengal.com\/acik-pozisyonlar\/arama-motoru-optimizasyonu-seo-uzmani\/\">Arama Motoru Optimizasyonu (SEO) Uzman\u0131<\/a><\/span><\/p>\n<p><span style=\"font-size: 21px;\"><a href=\"https:\/\/www.jengal.com\/acik-pozisyonlar\/ingilizce-icerik-editoru\/\">\u0130ngilizce \u0130\u00e7erik Edit\u00f6r\u00fc<\/a><\/span><\/p>\n<p><span style=\"font-size: 21px;\"><a href=\"https:\/\/www.jengal.com\/acik-pozisyonlar\/english-speaking-customer-representative\/\">English Speaking Customer Representative<\/a><\/span><\/p>\n<p><span style=\"font-size: 21px; color: #999999;\"><a style=\"color: #999999;\" href=\"https:\/\/www.jengal.com\/acik-pozisyonlar\/web-tasarimci-frontend-developer\/\">Web Tasar\u0131mc\u0131 (Frontend Developer)<\/a> &#8211; KAPALI<\/span><\/p>\n<p><span style=\"font-size: 21px; color: #999999;\"><a style=\"color: #999999;\" href=\"https:\/\/www.jengal.com\/acik-pozisyonlar\/ingilizce-bilen-seo-yardimcisi\/\">\u0130ngilizce Bilen SEO Yard\u0131mc\u0131s\u0131<\/a> &#8211; KAPALI<\/span><\/p>\n<p><span style=\"font-size: 21px; color: #999999;\"><a style=\"color: #999999;\" href=\"https:\/\/www.jengal.com\/acik-pozisyonlar\/icerik-editoru\/\">\u0130\u00e7erik Edit\u00f6r\u00fc<\/a> &#8211; KAPALI<\/span><\/p>\n<p><span style=\"font-size: 21px; color: #999999;\"><a style=\"color: #999999;\" href=\"https:\/\/www.jengal.com\/acik-pozisyonlar\/sekreter-ve-ise-alim-yetkilisi\/\">Sekreter ve \u0130\u015fe Al\u0131m Yetkilisi<\/a> &#8211; KAPALI<\/span><\/p>\n","protected":false},"excerpt":{"rendered":"<p>Ekibimize yeni \u00e7al\u0131\u015fma arkada\u015flar\u0131 ar\u0131yoruz! A\u015fa\u011f\u0131daki pozisyonlardan birisi sizin i\u00e7in uygunsa pozisyon ad\u0131na t\u0131klayarak i\u015f tan\u0131m\u0131 ve detay sayfas\u0131na eri\u015febilir ve ayn\u0131 sayfadaki ba\u015fvuru formunu doldurarak ba\u015fvurunuzu kolayca yapabilirsiniz. PHP Yaz\u0131l\u0131m Uzman\u0131 (Backend Developer) Arama Motoru Optimizasyonu (SEO) Uzman\u0131 \u0130ngilizce \u0130\u00e7erik Edit\u00f6r\u00fc English Speaking Customer Representative Web Tasar\u0131mc\u0131 (Frontend Developer) [&hellip;]<\/p>\n","protected":false},"author":11,"featured_media":0,"parent":0,"menu_order":0,"comment_status":"closed","ping_status":"closed","template":"","meta":{"footnotes":""},"class_list":["post-8115","page","type-page","status-publish","hentry","entry"],"yoast_head":"<!-- This site is optimized with the Yoast SEO plugin v26.7 - https:\/\/yoast.com\/wordpress\/plugins\/seo\/ -->\n<title>A\u00e7\u0131k Pozisyonlar<\/title>\n<meta name=\"robots\" content=\"index, follow, max-snippet:-1, max-image-preview:large, max-video-preview:-1\" \/>\n<link rel=\"canonical\" href=\"https:\/\/www.jengal.com\/tr\/blog\/acik-pozisyonlar\/\" \/>\n<meta property=\"og:locale\" content=\"tr_TR\" \/>\n<meta property=\"og:type\" content=\"article\" \/>\n<meta property=\"og:title\" content=\"A\u00e7\u0131k Pozisyonlar\" \/>\n<meta property=\"og:description\" content=\"Ekibimize yeni \u00e7al\u0131\u015fma arkada\u015flar\u0131 ar\u0131yoruz! A\u015fa\u011f\u0131daki pozisyonlardan birisi sizin i\u00e7in uygunsa pozisyon ad\u0131na t\u0131klayarak i\u015f tan\u0131m\u0131 ve detay sayfas\u0131na eri\u015febilir ve ayn\u0131 sayfadaki ba\u015fvuru formunu doldurarak ba\u015fvurunuzu kolayca yapabilirsiniz. PHP Yaz\u0131l\u0131m Uzman\u0131 (Backend Developer) Arama Motoru Optimizasyonu (SEO) Uzman\u0131 \u0130ngilizce \u0130\u00e7erik Edit\u00f6r\u00fc English Speaking Customer Representative Web Tasar\u0131mc\u0131 (Frontend Developer) [&hellip;]\" \/>\n<meta property=\"og:url\" content=\"https:\/\/www.jengal.com\/tr\/blog\/acik-pozisyonlar\/\" \/>\n<meta property=\"og:site_name\" content=\"Jengal Web Tasar\u0131m - Web Yaz\u0131l\u0131m Ajans\u0131\" \/>\n<meta property=\"article:modified_time\" content=\"2020-02-06T09:54:26+00:00\" \/>\n<meta property=\"og:image\" content=\"http:\/\/www.jengal.com\/tr\/blog\/wp-content\/uploads\/2022\/11\/Group_1100.png\" \/>\n\t<meta property=\"og:image:width\" content=\"203\" \/>\n\t<meta property=\"og:image:height\" content=\"87\" \/>\n\t<meta property=\"og:image:type\" content=\"image\/png\" \/>\n<meta name=\"twitter:card\" content=\"summary_large_image\" \/>\n<script type=\"application\/ld+json\" class=\"yoast-schema-graph\">{\"@context\":\"https:\/\/schema.org\",\"@graph\":[{\"@type\":\"WebPage\",\"@id\":\"https:\/\/www.jengal.com\/tr\/blog\/acik-pozisyonlar\/\",\"url\":\"https:\/\/www.jengal.com\/tr\/blog\/acik-pozisyonlar\/\",\"name\":\"A\u00e7\u0131k Pozisyonlar\",\"isPartOf\":{\"@id\":\"https:\/\/www.jengal.com\/tr\/blog\/#website\"},\"datePublished\":\"2019-04-11T15:10:22+00:00\",\"dateModified\":\"2020-02-06T09:54:26+00:00\",\"inLanguage\":\"tr\",\"potentialAction\":[{\"@type\":\"ReadAction\",\"target\":[\"https:\/\/www.jengal.com\/tr\/blog\/acik-pozisyonlar\/\"]}]},{\"@type\":\"WebSite\",\"@id\":\"https:\/\/www.jengal.com\/tr\/blog\/#website\",\"url\":\"https:\/\/www.jengal.com\/tr\/blog\/\",\"name\":\"Jengal Blog - \u0130nternet Pazarlama & Digital Pazarlama Ajans\u0131\",\"description\":\"\",\"publisher\":{\"@id\":\"https:\/\/www.jengal.com\/tr\/blog\/#organization\"},\"potentialAction\":[{\"@type\":\"SearchAction\",\"target\":{\"@type\":\"EntryPoint\",\"urlTemplate\":\"https:\/\/www.jengal.com\/tr\/blog\/?s={search_term_string}\"},\"query-input\":{\"@type\":\"PropertyValueSpecification\",\"valueRequired\":true,\"valueName\":\"search_term_string\"}}],\"inLanguage\":\"tr\"},{\"@type\":\"Organization\",\"@id\":\"https:\/\/www.jengal.com\/tr\/blog\/#organization\",\"name\":\"Jengal Blog - \u0130nternet Pazarlama & Digital Pazarlama Ajans\u0131\",\"url\":\"https:\/\/www.jengal.com\/tr\/blog\/\",\"logo\":{\"@type\":\"ImageObject\",\"inLanguage\":\"tr\",\"@id\":\"https:\/\/www.jengal.com\/tr\/blog\/#\/schema\/logo\/image\/\",\"url\":\"http:\/\/www.jengal.com\/tr\/blog\/wp-content\/uploads\/2022\/11\/Group_1100.png\",\"contentUrl\":\"http:\/\/www.jengal.com\/tr\/blog\/wp-content\/uploads\/2022\/11\/Group_1100.png\",\"width\":203,\"height\":87,\"caption\":\"Jengal Blog - \u0130nternet Pazarlama & Digital Pazarlama Ajans\u0131\"},\"image\":{\"@id\":\"https:\/\/www.jengal.com\/tr\/blog\/#\/schema\/logo\/image\/\"}}]}<\/script>\n<!-- \/ Yoast SEO plugin. -->","yoast_head_json":{"title":"A\u00e7\u0131k Pozisyonlar","robots":{"index":"index","follow":"follow","max-snippet":"max-snippet:-1","max-image-preview":"max-image-preview:large","max-video-preview":"max-video-preview:-1"},"canonical":"https:\/\/www.jengal.com\/tr\/blog\/acik-pozisyonlar\/","og_locale":"tr_TR","og_type":"article","og_title":"A\u00e7\u0131k Pozisyonlar","og_description":"Ekibimize yeni \u00e7al\u0131\u015fma arkada\u015flar\u0131 ar\u0131yoruz! A\u015fa\u011f\u0131daki pozisyonlardan birisi sizin i\u00e7in uygunsa pozisyon ad\u0131na t\u0131klayarak i\u015f tan\u0131m\u0131 ve detay sayfas\u0131na eri\u015febilir ve ayn\u0131 sayfadaki ba\u015fvuru formunu doldurarak ba\u015fvurunuzu kolayca yapabilirsiniz. PHP Yaz\u0131l\u0131m Uzman\u0131 (Backend Developer) Arama Motoru Optimizasyonu (SEO) Uzman\u0131 \u0130ngilizce \u0130\u00e7erik Edit\u00f6r\u00fc English Speaking Customer Representative Web Tasar\u0131mc\u0131 (Frontend Developer) [&hellip;]","og_url":"https:\/\/www.jengal.com\/tr\/blog\/acik-pozisyonlar\/","og_site_name":"Jengal Web Tasar\u0131m - Web Yaz\u0131l\u0131m Ajans\u0131","article_modified_time":"2020-02-06T09:54:26+00:00","og_image":[{"width":203,"height":87,"url":"http:\/\/www.jengal.com\/tr\/blog\/wp-content\/uploads\/2022\/11\/Group_1100.png","type":"image\/png"}],"twitter_card":"summary_large_image","schema":{"@context":"https:\/\/schema.org","@graph":[{"@type":"WebPage","@id":"https:\/\/www.jengal.com\/tr\/blog\/acik-pozisyonlar\/","url":"https:\/\/www.jengal.com\/tr\/blog\/acik-pozisyonlar\/","name":"A\u00e7\u0131k Pozisyonlar","isPartOf":{"@id":"https:\/\/www.jengal.com\/tr\/blog\/#website"},"datePublished":"2019-04-11T15:10:22+00:00","dateModified":"2020-02-06T09:54:26+00:00","inLanguage":"tr","potentialAction":[{"@type":"ReadAction","target":["https:\/\/www.jengal.com\/tr\/blog\/acik-pozisyonlar\/"]}]},{"@type":"WebSite","@id":"https:\/\/www.jengal.com\/tr\/blog\/#website","url":"https:\/\/www.jengal.com\/tr\/blog\/","name":"Jengal Blog - \u0130nternet Pazarlama & Digital Pazarlama Ajans\u0131","description":"","publisher":{"@id":"https:\/\/www.jengal.com\/tr\/blog\/#organization"},"potentialAction":[{"@type":"SearchAction","target":{"@type":"EntryPoint","urlTemplate":"https:\/\/www.jengal.com\/tr\/blog\/?s={search_term_string}"},"query-input":{"@type":"PropertyValueSpecification","valueRequired":true,"valueName":"search_term_string"}}],"inLanguage":"tr"},{"@type":"Organization","@id":"https:\/\/www.jengal.com\/tr\/blog\/#organization","name":"Jengal Blog - \u0130nternet Pazarlama & Digital Pazarlama Ajans\u0131","url":"https:\/\/www.jengal.com\/tr\/blog\/","logo":{"@type":"ImageObject","inLanguage":"tr","@id":"https:\/\/www.jengal.com\/tr\/blog\/#\/schema\/logo\/image\/","url":"http:\/\/www.jengal.com\/tr\/blog\/wp-content\/uploads\/2022\/11\/Group_1100.png","contentUrl":"http:\/\/www.jengal.com\/tr\/blog\/wp-content\/uploads\/2022\/11\/Group_1100.png","width":203,"height":87,"caption":"Jengal Blog - \u0130nternet Pazarlama & Digital Pazarlama Ajans\u0131"},"image":{"@id":"https:\/\/www.jengal.com\/tr\/blog\/#\/schema\/logo\/image\/"}}]}},"_links":{"self":[{"href":"http:\/\/www.jengal.com\/tr\/blog\/wp-json\/wp\/v2\/pages\/8115","targetHints":{"allow":["GET"]}}],"collection":[{"href":"http:\/\/www.jengal.com\/tr\/blog\/wp-json\/wp\/v2\/pages"}],"about":[{"href":"http:\/\/www.jengal.com\/tr\/blog\/wp-json\/wp\/v2\/types\/page"}],"author":[{"embeddable":true,"href":"http:\/\/www.jengal.com\/tr\/blog\/wp-json\/wp\/v2\/users\/11"}],"replies":[{"embeddable":true,"href":"http:\/\/www.jengal.com\/tr\/blog\/wp-json\/wp\/v2\/comments?post=8115"}],"version-history":[{"count":21,"href":"http:\/\/www.jengal.com\/tr\/blog\/wp-json\/wp\/v2\/pages\/8115\/revisions"}],"predecessor-version":[{"id":8271,"href":"http:\/\/www.jengal.com\/tr\/blog\/wp-json\/wp\/v2\/pages\/8115\/revisions\/8271"}],"wp:attachment":[{"href":"http:\/\/www.jengal.com\/tr\/blog\/wp-json\/wp\/v2\/media?parent=8115"}],"curies":[{"name":"wp","href":"https:\/\/api.w.org\/{rel}","templated":true}]}}