{"id":8145,"date":"2019-04-18T12:04:17","date_gmt":"2019-04-18T09:04:17","guid":{"rendered":"http:\/\/www.jengal.com\/?page_id=8145"},"modified":"2020-02-06T12:49:50","modified_gmt":"2020-02-06T09:49:50","slug":"english-speaking-customer-representative","status":"publish","type":"page","link":"http:\/\/www.jengal.com\/tr\/blog\/acik-pozisyonlar\/english-speaking-customer-representative\/","title":{"rendered":"English Speaking Customer Representative"},"content":{"rendered":"<p><b>About our Service<\/b><\/p>\n<p><span style=\"font-weight: 400;\">We provide services for users on social media platforms such as Instagram, Facebook, and Twitter to achieve growth and engagement on their accounts.<\/span><\/p>\n<p><b>Job Description<\/b><\/p>\n<p><span style=\"font-weight: 400;\">To provide support and customer satisfaction to our customers according to their requests through the phone, WhatsApp and live support chat before and after they purchase services and to follow orders through our e-commerce management panel.<\/span><\/p>\n<p><b>Wage and Bonuses<\/b><\/p>\n<p><span style=\"font-weight: 400;\">The pay is <\/span><b>2800 TL<\/b><span style=\"font-weight: 400;\"> + <\/span><b>600 TL<\/b><span style=\"font-weight: 400;\"> in a bonus. <\/span><span style=\"font-weight: 400;\">The<\/span><span style=\"font-weight: 400;\">\u00a0bonus is paid not for sales but rather according to your customer satisfaction ratio and overall performance.<\/span><\/p>\n<p><b>Training Period<\/b><\/p>\n<p><span style=\"font-weight: 400;\">In order to learn the ropes, you would work together with an experienced colleague for <\/span><b>a week<\/b><span style=\"font-weight: 400;\"> at our office in Kad\u0131k\u00f6y.<\/span><\/p>\n<p><b>Work from Home<\/b><\/p>\n<p><span style=\"font-weight: 400;\">After your training is completed, you will be given a computer and a phone number in order to start working. It is required that you have an Internet connection and a quiet working space where you will not be distracted.<\/span><\/p>\n<p><b>Work Shifts Available<\/b><\/p>\n<p><b>2 weeks nighttime, 2 weeks daytime<\/b><span style=\"font-weight: 400;\"> for<\/span><b> 6 days a week<\/b><span style=\"font-weight: 400;\"> and <\/span><b>1 extra day off every month<\/b><span style=\"font-weight: 400;\">. Days off will be on weekdays and <\/span><b>30 minutes of break<\/b><span style=\"font-weight: 400;\"> is given daily during your working hours. The current work shifts can be subject to change in the future.<\/span><\/p>\n<p><span style=\"font-weight: 400;\">Morning: <\/span><b>6 &#8211; 2<\/b><span style=\"font-weight: 400;\"> \u00a0 \u00a0 \u00a0 \u00a0 \u00a0 <\/span> <span style=\"font-weight: 400;\">Afternoon: <\/span><b>2 &#8211; 10<\/b><span style=\"font-weight: 400;\">\u00a0 \u00a0 \u00a0 \u00a0 \u00a0 \u00a0 \u00a0 \u00a0 \u00a0 <\/span> <span style=\"font-weight: 400;\">Night: <\/span><b>10 &#8211; 6<\/b><\/p>\n<p><b>Criteria for Applicants:<\/b><\/p>\n<ul>\n<li style=\"font-weight: 400;\"><span style=\"font-weight: 400;\">To provide support to our customers on our e-commerce site according to their requests through the phone, WhatsApp and live support chat, to follow orders through our e-commerce management panel and leave the customer satisfied,<\/span><\/li>\n<li style=\"font-weight: 400;\"><span style=\"font-weight: 400;\">Be able to work <\/span><b>2 weeks of day shifts <\/b><span style=\"font-weight: 400;\">and <\/span><b>2 weeks of night shifts<\/b><span style=\"font-weight: 400;\">,<\/span><\/li>\n<li style=\"font-weight: 400;\"><span style=\"font-weight: 400;\">Be proficient in using a computer,<\/span><\/li>\n<li style=\"font-weight: 400;\"><span style=\"font-weight: 400;\">Advanced command of English,<\/span><\/li>\n<li style=\"font-weight: 400;\"><span style=\"font-weight: 400;\">Fluent in Turkish,<\/span><\/li>\n<li style=\"font-weight: 400;\"><span style=\"font-weight: 400;\">Able to work remotely (From your home),<\/span><\/li>\n<li style=\"font-weight: 400;\"><span style=\"font-weight: 400;\">Experienced in customer support,<\/span><\/li>\n<li style=\"font-weight: 400;\"><span style=\"font-weight: 400;\">Looking to work long-term,<\/span><\/li>\n<li style=\"font-weight: 400;\"><span style=\"font-weight: 400;\">High communication skills,<\/span><\/li>\n<li style=\"font-weight: 400;\"><span style=\"font-weight: 400;\">For Male applicants, must have completed their military service or at least postponed for 2 years,<\/span><\/li>\n<li style=\"font-weight: 400;\"><span style=\"font-weight: 400;\">Male or Female 20 to 30 years old,<\/span><\/li>\n<li style=\"font-weight: 400;\"><span style=\"font-weight: 400;\">Customer Representative colleagues are sought.<\/span><\/li>\n<\/ul>\n<p>To apply, simply fill in the application form online.<\/p>\n<p>Application Form: <strong><span style=\"font-size: 18px;\"><a href=\"https:\/\/docs.google.com\/forms\/d\/e\/1FAIpQLSdGTVM_IfYU_hnPIs9Mwn5sZuau1Zl7DTaP-7YIMwg-HS8WcQ\/viewform\">https:\/\/forms.gle\/GApDbCxkboh1kRh68<\/a><\/span><\/strong><\/p>\n","protected":false},"excerpt":{"rendered":"<p>About our Service We provide services for users on social media platforms such as Instagram, Facebook, and Twitter to achieve growth and engagement on their accounts. Job Description To provide support and customer satisfaction to our customers according to their requests through the phone, WhatsApp and live support chat before [&hellip;]<\/p>\n","protected":false},"author":11,"featured_media":0,"parent":8115,"menu_order":0,"comment_status":"closed","ping_status":"closed","template":"","meta":{"footnotes":""},"class_list":["post-8145","page","type-page","status-publish","hentry","entry"],"yoast_head":"<!-- This site is optimized with the Yoast SEO plugin v26.7 - https:\/\/yoast.com\/wordpress\/plugins\/seo\/ -->\n<title>English Speaking Customer Representative<\/title>\n<meta name=\"robots\" content=\"index, follow, max-snippet:-1, max-image-preview:large, max-video-preview:-1\" \/>\n<link rel=\"canonical\" href=\"https:\/\/www.jengal.com\/tr\/blog\/acik-pozisyonlar\/english-speaking-customer-representative\/\" \/>\n<meta property=\"og:locale\" content=\"tr_TR\" \/>\n<meta property=\"og:type\" content=\"article\" \/>\n<meta property=\"og:title\" content=\"English Speaking Customer Representative\" \/>\n<meta property=\"og:description\" content=\"About our Service We provide services for users on social media platforms such as Instagram, Facebook, and Twitter to achieve growth and engagement on their accounts. Job Description To provide support and customer satisfaction to our customers according to their requests through the phone, WhatsApp and live support chat before [&hellip;]\" \/>\n<meta property=\"og:url\" content=\"https:\/\/www.jengal.com\/tr\/blog\/acik-pozisyonlar\/english-speaking-customer-representative\/\" \/>\n<meta property=\"og:site_name\" content=\"Jengal Web Tasar\u0131m - Web Yaz\u0131l\u0131m Ajans\u0131\" \/>\n<meta property=\"article:modified_time\" content=\"2020-02-06T09:49:50+00:00\" \/>\n<meta property=\"og:image\" content=\"http:\/\/www.jengal.com\/tr\/blog\/wp-content\/uploads\/2022\/11\/Group_1100.png\" \/>\n\t<meta property=\"og:image:width\" content=\"203\" \/>\n\t<meta property=\"og:image:height\" content=\"87\" \/>\n\t<meta property=\"og:image:type\" content=\"image\/png\" \/>\n<meta name=\"twitter:card\" content=\"summary_large_image\" \/>\n<meta name=\"twitter:label1\" content=\"Tahmini okuma s\u00fcresi\" \/>\n\t<meta name=\"twitter:data1\" content=\"2 dakika\" \/>\n<script type=\"application\/ld+json\" class=\"yoast-schema-graph\">{\"@context\":\"https:\/\/schema.org\",\"@graph\":[{\"@type\":\"WebPage\",\"@id\":\"https:\/\/www.jengal.com\/tr\/blog\/acik-pozisyonlar\/english-speaking-customer-representative\/\",\"url\":\"https:\/\/www.jengal.com\/tr\/blog\/acik-pozisyonlar\/english-speaking-customer-representative\/\",\"name\":\"English Speaking Customer Representative\",\"isPartOf\":{\"@id\":\"https:\/\/www.jengal.com\/tr\/blog\/#website\"},\"datePublished\":\"2019-04-18T09:04:17+00:00\",\"dateModified\":\"2020-02-06T09:49:50+00:00\",\"breadcrumb\":{\"@id\":\"https:\/\/www.jengal.com\/tr\/blog\/acik-pozisyonlar\/english-speaking-customer-representative\/#breadcrumb\"},\"inLanguage\":\"tr\",\"potentialAction\":[{\"@type\":\"ReadAction\",\"target\":[\"https:\/\/www.jengal.com\/tr\/blog\/acik-pozisyonlar\/english-speaking-customer-representative\/\"]}]},{\"@type\":\"BreadcrumbList\",\"@id\":\"https:\/\/www.jengal.com\/tr\/blog\/acik-pozisyonlar\/english-speaking-customer-representative\/#breadcrumb\",\"itemListElement\":[{\"@type\":\"ListItem\",\"position\":1,\"name\":\"A\u00e7\u0131k Pozisyonlar\",\"item\":\"https:\/\/www.jengal.com\/tr\/blog\/acik-pozisyonlar\/\"},{\"@type\":\"ListItem\",\"position\":2,\"name\":\"English Speaking Customer Representative\"}]},{\"@type\":\"WebSite\",\"@id\":\"https:\/\/www.jengal.com\/tr\/blog\/#website\",\"url\":\"https:\/\/www.jengal.com\/tr\/blog\/\",\"name\":\"Jengal Blog - \u0130nternet Pazarlama & Digital Pazarlama Ajans\u0131\",\"description\":\"\",\"publisher\":{\"@id\":\"https:\/\/www.jengal.com\/tr\/blog\/#organization\"},\"potentialAction\":[{\"@type\":\"SearchAction\",\"target\":{\"@type\":\"EntryPoint\",\"urlTemplate\":\"https:\/\/www.jengal.com\/tr\/blog\/?s={search_term_string}\"},\"query-input\":{\"@type\":\"PropertyValueSpecification\",\"valueRequired\":true,\"valueName\":\"search_term_string\"}}],\"inLanguage\":\"tr\"},{\"@type\":\"Organization\",\"@id\":\"https:\/\/www.jengal.com\/tr\/blog\/#organization\",\"name\":\"Jengal Blog - \u0130nternet Pazarlama & Digital Pazarlama Ajans\u0131\",\"url\":\"https:\/\/www.jengal.com\/tr\/blog\/\",\"logo\":{\"@type\":\"ImageObject\",\"inLanguage\":\"tr\",\"@id\":\"https:\/\/www.jengal.com\/tr\/blog\/#\/schema\/logo\/image\/\",\"url\":\"http:\/\/www.jengal.com\/tr\/blog\/wp-content\/uploads\/2022\/11\/Group_1100.png\",\"contentUrl\":\"http:\/\/www.jengal.com\/tr\/blog\/wp-content\/uploads\/2022\/11\/Group_1100.png\",\"width\":203,\"height\":87,\"caption\":\"Jengal Blog - \u0130nternet Pazarlama & Digital Pazarlama Ajans\u0131\"},\"image\":{\"@id\":\"https:\/\/www.jengal.com\/tr\/blog\/#\/schema\/logo\/image\/\"}}]}<\/script>\n<!-- \/ Yoast SEO plugin. -->","yoast_head_json":{"title":"English Speaking Customer Representative","robots":{"index":"index","follow":"follow","max-snippet":"max-snippet:-1","max-image-preview":"max-image-preview:large","max-video-preview":"max-video-preview:-1"},"canonical":"https:\/\/www.jengal.com\/tr\/blog\/acik-pozisyonlar\/english-speaking-customer-representative\/","og_locale":"tr_TR","og_type":"article","og_title":"English Speaking Customer Representative","og_description":"About our Service We provide services for users on social media platforms such as Instagram, Facebook, and Twitter to achieve growth and engagement on their accounts. Job Description To provide support and customer satisfaction to our customers according to their requests through the phone, WhatsApp and live support chat before [&hellip;]","og_url":"https:\/\/www.jengal.com\/tr\/blog\/acik-pozisyonlar\/english-speaking-customer-representative\/","og_site_name":"Jengal Web Tasar\u0131m - Web Yaz\u0131l\u0131m Ajans\u0131","article_modified_time":"2020-02-06T09:49:50+00:00","og_image":[{"width":203,"height":87,"url":"http:\/\/www.jengal.com\/tr\/blog\/wp-content\/uploads\/2022\/11\/Group_1100.png","type":"image\/png"}],"twitter_card":"summary_large_image","twitter_misc":{"Tahmini okuma s\u00fcresi":"2 dakika"},"schema":{"@context":"https:\/\/schema.org","@graph":[{"@type":"WebPage","@id":"https:\/\/www.jengal.com\/tr\/blog\/acik-pozisyonlar\/english-speaking-customer-representative\/","url":"https:\/\/www.jengal.com\/tr\/blog\/acik-pozisyonlar\/english-speaking-customer-representative\/","name":"English Speaking Customer Representative","isPartOf":{"@id":"https:\/\/www.jengal.com\/tr\/blog\/#website"},"datePublished":"2019-04-18T09:04:17+00:00","dateModified":"2020-02-06T09:49:50+00:00","breadcrumb":{"@id":"https:\/\/www.jengal.com\/tr\/blog\/acik-pozisyonlar\/english-speaking-customer-representative\/#breadcrumb"},"inLanguage":"tr","potentialAction":[{"@type":"ReadAction","target":["https:\/\/www.jengal.com\/tr\/blog\/acik-pozisyonlar\/english-speaking-customer-representative\/"]}]},{"@type":"BreadcrumbList","@id":"https:\/\/www.jengal.com\/tr\/blog\/acik-pozisyonlar\/english-speaking-customer-representative\/#breadcrumb","itemListElement":[{"@type":"ListItem","position":1,"name":"A\u00e7\u0131k Pozisyonlar","item":"https:\/\/www.jengal.com\/tr\/blog\/acik-pozisyonlar\/"},{"@type":"ListItem","position":2,"name":"English Speaking Customer Representative"}]},{"@type":"WebSite","@id":"https:\/\/www.jengal.com\/tr\/blog\/#website","url":"https:\/\/www.jengal.com\/tr\/blog\/","name":"Jengal Blog - \u0130nternet Pazarlama & Digital Pazarlama Ajans\u0131","description":"","publisher":{"@id":"https:\/\/www.jengal.com\/tr\/blog\/#organization"},"potentialAction":[{"@type":"SearchAction","target":{"@type":"EntryPoint","urlTemplate":"https:\/\/www.jengal.com\/tr\/blog\/?s={search_term_string}"},"query-input":{"@type":"PropertyValueSpecification","valueRequired":true,"valueName":"search_term_string"}}],"inLanguage":"tr"},{"@type":"Organization","@id":"https:\/\/www.jengal.com\/tr\/blog\/#organization","name":"Jengal Blog - \u0130nternet Pazarlama & Digital Pazarlama Ajans\u0131","url":"https:\/\/www.jengal.com\/tr\/blog\/","logo":{"@type":"ImageObject","inLanguage":"tr","@id":"https:\/\/www.jengal.com\/tr\/blog\/#\/schema\/logo\/image\/","url":"http:\/\/www.jengal.com\/tr\/blog\/wp-content\/uploads\/2022\/11\/Group_1100.png","contentUrl":"http:\/\/www.jengal.com\/tr\/blog\/wp-content\/uploads\/2022\/11\/Group_1100.png","width":203,"height":87,"caption":"Jengal Blog - \u0130nternet Pazarlama & Digital Pazarlama Ajans\u0131"},"image":{"@id":"https:\/\/www.jengal.com\/tr\/blog\/#\/schema\/logo\/image\/"}}]}},"_links":{"self":[{"href":"http:\/\/www.jengal.com\/tr\/blog\/wp-json\/wp\/v2\/pages\/8145","targetHints":{"allow":["GET"]}}],"collection":[{"href":"http:\/\/www.jengal.com\/tr\/blog\/wp-json\/wp\/v2\/pages"}],"about":[{"href":"http:\/\/www.jengal.com\/tr\/blog\/wp-json\/wp\/v2\/types\/page"}],"author":[{"embeddable":true,"href":"http:\/\/www.jengal.com\/tr\/blog\/wp-json\/wp\/v2\/users\/11"}],"replies":[{"embeddable":true,"href":"http:\/\/www.jengal.com\/tr\/blog\/wp-json\/wp\/v2\/comments?post=8145"}],"version-history":[{"count":6,"href":"http:\/\/www.jengal.com\/tr\/blog\/wp-json\/wp\/v2\/pages\/8145\/revisions"}],"predecessor-version":[{"id":8267,"href":"http:\/\/www.jengal.com\/tr\/blog\/wp-json\/wp\/v2\/pages\/8145\/revisions\/8267"}],"up":[{"embeddable":true,"href":"http:\/\/www.jengal.com\/tr\/blog\/wp-json\/wp\/v2\/pages\/8115"}],"wp:attachment":[{"href":"http:\/\/www.jengal.com\/tr\/blog\/wp-json\/wp\/v2\/media?parent=8145"}],"curies":[{"name":"wp","href":"https:\/\/api.w.org\/{rel}","templated":true}]}}