{"id":8148,"date":"2019-04-18T12:06:23","date_gmt":"2019-04-18T09:06:23","guid":{"rendered":"http:\/\/www.jengal.com\/?page_id=8148"},"modified":"2019-11-22T12:03:52","modified_gmt":"2019-11-22T09:03:52","slug":"web-tasarimci-frontend-developer","status":"publish","type":"page","link":"http:\/\/www.jengal.com\/tr\/blog\/acik-pozisyonlar\/web-tasarimci-frontend-developer\/","title":{"rendered":"Web Tasar\u0131mc\u0131 (Frontend Developer) &#8211; KAPALI"},"content":{"rendered":"<p><span style=\"font-size: 16px;\">\u0130nternet sitesi projelerimizin ve mevcut internet sitelerimizin aray\u00fcz tasar\u0131mlar\u0131n\u0131n geli\u015ftirilmesi ve uygulanmas\u0131 \u00e7al\u0131\u015fmalar\u0131nda yer alacak alan\u0131nda en az 2 y\u0131l deneyimli, Kad\u0131k\u00f6y\u2019deki ofisimizde tam zamanl\u0131 \u00e7al\u0131\u015fabilecek Web Tasar\u0131mc\u0131 (Frontend Developer) \u00e7al\u0131\u015fma arkada\u015f\u0131 aramaktay\u0131z.<\/span><\/p>\n<p><span style=\"font-size: 16px;\"><strong>Aranan \u00d6zellikler<\/strong><\/span><\/p>\n<ul>\n<li><span style=\"font-size: 16px;\">En az 2 y\u0131l CSS, HTML ve JS deneyimli,<\/span><\/li>\n<li><span style=\"font-size: 16px;\">SCSS, JQuery ve Bootstrap deneyimli,<\/span><\/li>\n<li><span style=\"font-size: 16px;\">Angular gibi modern bir JS Framework deneyimi olan,<\/span><\/li>\n<li><span style=\"font-size: 16px;\">Git versiyon kontrol sistemiyle \u00e7al\u0131\u015fabilen,<\/span><\/li>\n<li><span style=\"font-size: 16px;\">Photoshop ve Illustrator kullanabilen,<\/span><\/li>\n<li><span style=\"font-size: 16px;\">En az ba\u015flang\u0131\u00e7 seviyesinde \u0130ngilizce okuma ve yazma bilen,<\/span><\/li>\n<li><span style=\"font-size: 16px;\">Askerlikle en az 2 y\u0131l ili\u015fi\u011fi bulunmayan,<\/span><\/li>\n<li><span style=\"font-size: 16px;\">Ekip halinde uyumlu bir \u015fekilde \u00e7al\u0131\u015fabilen,<\/span><\/li>\n<li><span style=\"font-size: 16px;\">Daha \u00f6nceki \u00e7al\u0131\u015fmalar\u0131ndan \u00f6rnekler g\u00f6sterebilecek,<\/span><\/li>\n<li><span style=\"font-size: 16px;\">Kad\u0131k\u00f6y\u2019deki ofisimizde tam zamanl\u0131 \u00e7al\u0131\u015fmak \u00fczere,<\/span><\/li>\n<li><span style=\"font-size: 16px;\">20 \u2013 30 ya\u015flar\u0131 aras\u0131nda bay veya bayan,<\/span><\/li>\n<li><span style=\"font-size: 16px;\">Frontend Developer (Web Tasar\u0131mc\u0131) \u00e7al\u0131\u015fma arkada\u015f\u0131 aramaktay\u0131z.<\/span><\/li>\n<\/ul>\n<p><span style=\"font-size: 18px;\"><strong>Ba\u015fvurmak i\u00e7in ba\u015fvuru formunu online olarak doldurman\u0131z yeterlidir.<\/strong><\/span><\/p>\n<p><strong><span style=\"font-size: 18px;\">Ba\u015fvuru formu: <a href=\"https:\/\/forms.gle\/Bej5LvagDttpTTFo8\">https:\/\/forms.gle\/Bej5LvagDttpTTFo8<\/a><\/span><\/strong><\/p>\n","protected":false},"excerpt":{"rendered":"<p>\u0130nternet sitesi projelerimizin ve mevcut internet sitelerimizin aray\u00fcz tasar\u0131mlar\u0131n\u0131n geli\u015ftirilmesi ve uygulanmas\u0131 \u00e7al\u0131\u015fmalar\u0131nda yer alacak alan\u0131nda en az 2 y\u0131l deneyimli, Kad\u0131k\u00f6y\u2019deki ofisimizde tam zamanl\u0131 \u00e7al\u0131\u015fabilecek Web Tasar\u0131mc\u0131 (Frontend Developer) \u00e7al\u0131\u015fma arkada\u015f\u0131 aramaktay\u0131z. Aranan \u00d6zellikler En az 2 y\u0131l CSS, HTML ve JS deneyimli, SCSS, JQuery ve Bootstrap deneyimli, Angular [&hellip;]<\/p>\n","protected":false},"author":11,"featured_media":0,"parent":8115,"menu_order":0,"comment_status":"closed","ping_status":"closed","template":"","meta":{"footnotes":""},"class_list":["post-8148","page","type-page","status-publish","hentry","entry"],"yoast_head":"<!-- This site is optimized with the Yoast SEO plugin v26.7 - https:\/\/yoast.com\/wordpress\/plugins\/seo\/ -->\n<title>Web Tasar\u0131mc\u0131 (Frontend Developer) - KAPALI<\/title>\n<meta name=\"robots\" content=\"index, follow, max-snippet:-1, max-image-preview:large, max-video-preview:-1\" \/>\n<link rel=\"canonical\" href=\"https:\/\/www.jengal.com\/tr\/blog\/acik-pozisyonlar\/web-tasarimci-frontend-developer\/\" \/>\n<meta property=\"og:locale\" content=\"tr_TR\" \/>\n<meta property=\"og:type\" content=\"article\" \/>\n<meta property=\"og:title\" content=\"Web Tasar\u0131mc\u0131 (Frontend Developer) - KAPALI\" \/>\n<meta property=\"og:description\" content=\"\u0130nternet sitesi projelerimizin ve mevcut internet sitelerimizin aray\u00fcz tasar\u0131mlar\u0131n\u0131n geli\u015ftirilmesi ve uygulanmas\u0131 \u00e7al\u0131\u015fmalar\u0131nda yer alacak alan\u0131nda en az 2 y\u0131l deneyimli, Kad\u0131k\u00f6y\u2019deki ofisimizde tam zamanl\u0131 \u00e7al\u0131\u015fabilecek Web Tasar\u0131mc\u0131 (Frontend Developer) \u00e7al\u0131\u015fma arkada\u015f\u0131 aramaktay\u0131z. Aranan \u00d6zellikler En az 2 y\u0131l CSS, HTML ve JS deneyimli, SCSS, JQuery ve Bootstrap deneyimli, Angular [&hellip;]\" \/>\n<meta property=\"og:url\" content=\"https:\/\/www.jengal.com\/tr\/blog\/acik-pozisyonlar\/web-tasarimci-frontend-developer\/\" \/>\n<meta property=\"og:site_name\" content=\"Jengal Web Tasar\u0131m - Web Yaz\u0131l\u0131m Ajans\u0131\" \/>\n<meta property=\"article:modified_time\" content=\"2019-11-22T09:03:52+00:00\" \/>\n<meta property=\"og:image\" content=\"http:\/\/www.jengal.com\/tr\/blog\/wp-content\/uploads\/2022\/11\/Group_1100.png\" \/>\n\t<meta property=\"og:image:width\" content=\"203\" \/>\n\t<meta property=\"og:image:height\" content=\"87\" \/>\n\t<meta property=\"og:image:type\" content=\"image\/png\" \/>\n<meta name=\"twitter:card\" content=\"summary_large_image\" \/>\n<meta name=\"twitter:label1\" content=\"Tahmini okuma s\u00fcresi\" \/>\n\t<meta name=\"twitter:data1\" content=\"1 dakika\" \/>\n<script type=\"application\/ld+json\" class=\"yoast-schema-graph\">{\"@context\":\"https:\/\/schema.org\",\"@graph\":[{\"@type\":\"WebPage\",\"@id\":\"https:\/\/www.jengal.com\/tr\/blog\/acik-pozisyonlar\/web-tasarimci-frontend-developer\/\",\"url\":\"https:\/\/www.jengal.com\/tr\/blog\/acik-pozisyonlar\/web-tasarimci-frontend-developer\/\",\"name\":\"Web Tasar\u0131mc\u0131 (Frontend Developer) - KAPALI\",\"isPartOf\":{\"@id\":\"https:\/\/www.jengal.com\/tr\/blog\/#website\"},\"datePublished\":\"2019-04-18T09:06:23+00:00\",\"dateModified\":\"2019-11-22T09:03:52+00:00\",\"breadcrumb\":{\"@id\":\"https:\/\/www.jengal.com\/tr\/blog\/acik-pozisyonlar\/web-tasarimci-frontend-developer\/#breadcrumb\"},\"inLanguage\":\"tr\",\"potentialAction\":[{\"@type\":\"ReadAction\",\"target\":[\"https:\/\/www.jengal.com\/tr\/blog\/acik-pozisyonlar\/web-tasarimci-frontend-developer\/\"]}]},{\"@type\":\"BreadcrumbList\",\"@id\":\"https:\/\/www.jengal.com\/tr\/blog\/acik-pozisyonlar\/web-tasarimci-frontend-developer\/#breadcrumb\",\"itemListElement\":[{\"@type\":\"ListItem\",\"position\":1,\"name\":\"A\u00e7\u0131k Pozisyonlar\",\"item\":\"https:\/\/www.jengal.com\/tr\/blog\/acik-pozisyonlar\/\"},{\"@type\":\"ListItem\",\"position\":2,\"name\":\"Web Tasar\u0131mc\u0131 (Frontend Developer) &#8211; KAPALI\"}]},{\"@type\":\"WebSite\",\"@id\":\"https:\/\/www.jengal.com\/tr\/blog\/#website\",\"url\":\"https:\/\/www.jengal.com\/tr\/blog\/\",\"name\":\"Jengal Blog - \u0130nternet Pazarlama & Digital Pazarlama Ajans\u0131\",\"description\":\"\",\"publisher\":{\"@id\":\"https:\/\/www.jengal.com\/tr\/blog\/#organization\"},\"potentialAction\":[{\"@type\":\"SearchAction\",\"target\":{\"@type\":\"EntryPoint\",\"urlTemplate\":\"https:\/\/www.jengal.com\/tr\/blog\/?s={search_term_string}\"},\"query-input\":{\"@type\":\"PropertyValueSpecification\",\"valueRequired\":true,\"valueName\":\"search_term_string\"}}],\"inLanguage\":\"tr\"},{\"@type\":\"Organization\",\"@id\":\"https:\/\/www.jengal.com\/tr\/blog\/#organization\",\"name\":\"Jengal Blog - \u0130nternet Pazarlama & Digital Pazarlama Ajans\u0131\",\"url\":\"https:\/\/www.jengal.com\/tr\/blog\/\",\"logo\":{\"@type\":\"ImageObject\",\"inLanguage\":\"tr\",\"@id\":\"https:\/\/www.jengal.com\/tr\/blog\/#\/schema\/logo\/image\/\",\"url\":\"http:\/\/www.jengal.com\/tr\/blog\/wp-content\/uploads\/2022\/11\/Group_1100.png\",\"contentUrl\":\"http:\/\/www.jengal.com\/tr\/blog\/wp-content\/uploads\/2022\/11\/Group_1100.png\",\"width\":203,\"height\":87,\"caption\":\"Jengal Blog - \u0130nternet Pazarlama & Digital Pazarlama Ajans\u0131\"},\"image\":{\"@id\":\"https:\/\/www.jengal.com\/tr\/blog\/#\/schema\/logo\/image\/\"}}]}<\/script>\n<!-- \/ Yoast SEO plugin. -->","yoast_head_json":{"title":"Web Tasar\u0131mc\u0131 (Frontend Developer) - KAPALI","robots":{"index":"index","follow":"follow","max-snippet":"max-snippet:-1","max-image-preview":"max-image-preview:large","max-video-preview":"max-video-preview:-1"},"canonical":"https:\/\/www.jengal.com\/tr\/blog\/acik-pozisyonlar\/web-tasarimci-frontend-developer\/","og_locale":"tr_TR","og_type":"article","og_title":"Web Tasar\u0131mc\u0131 (Frontend Developer) - KAPALI","og_description":"\u0130nternet sitesi projelerimizin ve mevcut internet sitelerimizin aray\u00fcz tasar\u0131mlar\u0131n\u0131n geli\u015ftirilmesi ve uygulanmas\u0131 \u00e7al\u0131\u015fmalar\u0131nda yer alacak alan\u0131nda en az 2 y\u0131l deneyimli, Kad\u0131k\u00f6y\u2019deki ofisimizde tam zamanl\u0131 \u00e7al\u0131\u015fabilecek Web Tasar\u0131mc\u0131 (Frontend Developer) \u00e7al\u0131\u015fma arkada\u015f\u0131 aramaktay\u0131z. Aranan \u00d6zellikler En az 2 y\u0131l CSS, HTML ve JS deneyimli, SCSS, JQuery ve Bootstrap deneyimli, Angular [&hellip;]","og_url":"https:\/\/www.jengal.com\/tr\/blog\/acik-pozisyonlar\/web-tasarimci-frontend-developer\/","og_site_name":"Jengal Web Tasar\u0131m - Web Yaz\u0131l\u0131m Ajans\u0131","article_modified_time":"2019-11-22T09:03:52+00:00","og_image":[{"width":203,"height":87,"url":"http:\/\/www.jengal.com\/tr\/blog\/wp-content\/uploads\/2022\/11\/Group_1100.png","type":"image\/png"}],"twitter_card":"summary_large_image","twitter_misc":{"Tahmini okuma s\u00fcresi":"1 dakika"},"schema":{"@context":"https:\/\/schema.org","@graph":[{"@type":"WebPage","@id":"https:\/\/www.jengal.com\/tr\/blog\/acik-pozisyonlar\/web-tasarimci-frontend-developer\/","url":"https:\/\/www.jengal.com\/tr\/blog\/acik-pozisyonlar\/web-tasarimci-frontend-developer\/","name":"Web Tasar\u0131mc\u0131 (Frontend Developer) - KAPALI","isPartOf":{"@id":"https:\/\/www.jengal.com\/tr\/blog\/#website"},"datePublished":"2019-04-18T09:06:23+00:00","dateModified":"2019-11-22T09:03:52+00:00","breadcrumb":{"@id":"https:\/\/www.jengal.com\/tr\/blog\/acik-pozisyonlar\/web-tasarimci-frontend-developer\/#breadcrumb"},"inLanguage":"tr","potentialAction":[{"@type":"ReadAction","target":["https:\/\/www.jengal.com\/tr\/blog\/acik-pozisyonlar\/web-tasarimci-frontend-developer\/"]}]},{"@type":"BreadcrumbList","@id":"https:\/\/www.jengal.com\/tr\/blog\/acik-pozisyonlar\/web-tasarimci-frontend-developer\/#breadcrumb","itemListElement":[{"@type":"ListItem","position":1,"name":"A\u00e7\u0131k Pozisyonlar","item":"https:\/\/www.jengal.com\/tr\/blog\/acik-pozisyonlar\/"},{"@type":"ListItem","position":2,"name":"Web Tasar\u0131mc\u0131 (Frontend Developer) &#8211; KAPALI"}]},{"@type":"WebSite","@id":"https:\/\/www.jengal.com\/tr\/blog\/#website","url":"https:\/\/www.jengal.com\/tr\/blog\/","name":"Jengal Blog - \u0130nternet Pazarlama & Digital Pazarlama Ajans\u0131","description":"","publisher":{"@id":"https:\/\/www.jengal.com\/tr\/blog\/#organization"},"potentialAction":[{"@type":"SearchAction","target":{"@type":"EntryPoint","urlTemplate":"https:\/\/www.jengal.com\/tr\/blog\/?s={search_term_string}"},"query-input":{"@type":"PropertyValueSpecification","valueRequired":true,"valueName":"search_term_string"}}],"inLanguage":"tr"},{"@type":"Organization","@id":"https:\/\/www.jengal.com\/tr\/blog\/#organization","name":"Jengal Blog - \u0130nternet Pazarlama & Digital Pazarlama Ajans\u0131","url":"https:\/\/www.jengal.com\/tr\/blog\/","logo":{"@type":"ImageObject","inLanguage":"tr","@id":"https:\/\/www.jengal.com\/tr\/blog\/#\/schema\/logo\/image\/","url":"http:\/\/www.jengal.com\/tr\/blog\/wp-content\/uploads\/2022\/11\/Group_1100.png","contentUrl":"http:\/\/www.jengal.com\/tr\/blog\/wp-content\/uploads\/2022\/11\/Group_1100.png","width":203,"height":87,"caption":"Jengal Blog - \u0130nternet Pazarlama & Digital Pazarlama Ajans\u0131"},"image":{"@id":"https:\/\/www.jengal.com\/tr\/blog\/#\/schema\/logo\/image\/"}}]}},"_links":{"self":[{"href":"http:\/\/www.jengal.com\/tr\/blog\/wp-json\/wp\/v2\/pages\/8148","targetHints":{"allow":["GET"]}}],"collection":[{"href":"http:\/\/www.jengal.com\/tr\/blog\/wp-json\/wp\/v2\/pages"}],"about":[{"href":"http:\/\/www.jengal.com\/tr\/blog\/wp-json\/wp\/v2\/types\/page"}],"author":[{"embeddable":true,"href":"http:\/\/www.jengal.com\/tr\/blog\/wp-json\/wp\/v2\/users\/11"}],"replies":[{"embeddable":true,"href":"http:\/\/www.jengal.com\/tr\/blog\/wp-json\/wp\/v2\/comments?post=8148"}],"version-history":[{"count":2,"href":"http:\/\/www.jengal.com\/tr\/blog\/wp-json\/wp\/v2\/pages\/8148\/revisions"}],"predecessor-version":[{"id":8253,"href":"http:\/\/www.jengal.com\/tr\/blog\/wp-json\/wp\/v2\/pages\/8148\/revisions\/8253"}],"up":[{"embeddable":true,"href":"http:\/\/www.jengal.com\/tr\/blog\/wp-json\/wp\/v2\/pages\/8115"}],"wp:attachment":[{"href":"http:\/\/www.jengal.com\/tr\/blog\/wp-json\/wp\/v2\/media?parent=8148"}],"curies":[{"name":"wp","href":"https:\/\/api.w.org\/{rel}","templated":true}]}}